{"id":924,"date":"2025-10-15T16:31:09","date_gmt":"2025-10-15T14:31:09","guid":{"rendered":"https:\/\/www.tuscanytravelling.com\/chauffeur-service\/"},"modified":"2025-10-16T17:44:59","modified_gmt":"2025-10-16T15:44:59","slug":"chauffeur-service","status":"publish","type":"page","link":"https:\/\/www.tuscanytravelling.com\/it\/chauffeur-service\/","title":{"rendered":"Chauffeur Service"},"content":{"rendered":"<h3>Servizio chauffeur per jet privati<\/h3> <p>Questo servizio esclusivo include un autista professionista dedicato al trasferimento da e per il tuo aereo privato, assicurandoti che ogni fase del viaggio sia fluida e senza stress.<\/p> <p>Il team di The Drive Chauffeur collabora costantemente con assistenti personali e personale di terra per rimanere aggiornato sugli arrivi dei voli.<\/p> <p>Il nostro servizio di autista offre trasferimenti dai principali hub per jet privati della Toscana verso le principali destinazioni italiane per jet privati.<\/p> <p>&nbsp;<\/p> <h3>Trasferimenti da\/per aeroporti e stazioni<\/h3> <p>Il servizio di Airport\/Station Transfer di Tuscany Travelling offre un modo comodo e confortevole per raggiungere o lasciare l\u2019aeroporto.<\/p> <p>Serviamo gli aeroporti di Pisa, Firenze, Bologna, Roma, Milano e Genova, oltre agli aeroporti dedicati ai jet privati.<\/p> <p>Il tuo autista personale ti aspetter\u00e0 nella sala arrivi con un cartello recante il tuo nome.<\/p> <p>Il servizio include:<\/p> <ul> <li>Accoglienza personalizzata (\u201cMeet and Greet\u201d)<\/li> <li>60 minuti di attesa gratuita dopo l\u2019atterraggio del volo<\/li> <li>Parcheggio aeroportuale, pedaggi e costi di accesso inclusi<\/li> <\/ul> <p>&nbsp;<\/p> <h3>Transfer di sola andata \/ city-to-city<\/h3> <p>Un servizio di autista su misura per le tue esigenze: ideale per viaggi a lunga distanza o trasferimenti tra citt\u00e0 in Toscana e in tutta Italia.<\/p> <p>Che si tratti di raggiungere il tuo hotel, ufficio o ristorante, il nostro servizio di sola andata \u00e8 la soluzione perfetta per chi cerca un trasferimento senza pensieri e senza necessit\u00e0 di ritorno.<br \/> Viaggia in stile e comfort, con un autista professionista alla guida.<\/p> <p>&nbsp;<\/p> <h3>Eventi e ricorrenze<\/h3> <p>I nostri autisti sono a tua disposizione anche per eventi sociali e privati come matrimoni, addii al celibato e nubilato, ricevimenti e cene di gala.<br \/> Per queste occasioni offriamo diverse tipologie di veicoli, in grado di soddisfare ogni esigenza e desiderio.<\/p> <p>&nbsp;<\/p> <h3>Escursioni dai porti<\/h3> <p>Offriamo escursioni private per crocieristi in partenza dai porti di Livorno e La Spezia.<\/p> <p>I nostri autisti ti verranno a prendere direttamente sotto bordo per un tour privato verso le pi\u00f9 importanti mete storiche e culturali, come Firenze, Pisa, Lucca, Bolgheri e Cinque Terre.<\/p> <p>&nbsp;<\/p> <h3>Tour privati in Toscana<\/h3> <p>Siamo lieti di offrire un servizio di qualit\u00e0 anche per il tuo tempo libero: oltre ai trasferimenti aeroportuali, mettiamo la nostra professionalit\u00e0 al tuo servizio per itinerari culturali e di svago in Toscana e nelle pi\u00f9 interessanti citt\u00e0 italiane.<\/p> <p>&nbsp;<\/p> <p>Puoi anche contattarci compilando il seguente modulo\u2026<br \/> <div class=\"wpforms-container wpforms-container-full\" id=\"wpforms-553\"><form id=\"wpforms-form-553\" class=\"wpforms-validate wpforms-form wpforms-ajax-form\" data-formid=\"553\" method=\"post\" enctype=\"multipart\/form-data\" action=\"\/it\/wp-json\/wp\/v2\/pages\/924\" data-token=\"506994a834a631c556143fd4384f4a7f\" data-token-time=\"1776405795\"><noscript class=\"wpforms-error-noscript\">Abilita JavaScript nel browser per completare questo modulo.<\/noscript><div class=\"wpforms-field-container\"><div id=\"wpforms-553-field_2-container\" class=\"wpforms-field wpforms-field-text\" data-field-id=\"2\"><label class=\"wpforms-field-label wpforms-label-hide\" for=\"wpforms-553-field_2\">Nominativo <span class=\"wpforms-required-label\">*<\/span><\/label><input type=\"text\" id=\"wpforms-553-field_2\" class=\"wpforms-field-large wpforms-field-required\" name=\"wpforms[fields][2]\" placeholder=\"Nominativo *\" required><\/div><div id=\"wpforms-553-field_3-container\" class=\"wpforms-field wpforms-field-email\" data-field-id=\"3\"><label class=\"wpforms-field-label wpforms-label-hide\" for=\"wpforms-553-field_3\">E-mail <span class=\"wpforms-required-label\">*<\/span><\/label><input type=\"email\" id=\"wpforms-553-field_3\" class=\"wpforms-field-large wpforms-field-required\" name=\"wpforms[fields][3]\" placeholder=\"E-mail *\" spellcheck=\"false\" required><\/div><div id=\"wpforms-553-field_6-container\" class=\"wpforms-field wpforms-field-textarea\" data-field-id=\"6\"><label class=\"wpforms-field-label wpforms-label-hide\" for=\"wpforms-553-field_6\">Messaggio <span class=\"wpforms-required-label\">*<\/span><\/label><textarea id=\"wpforms-553-field_6\" class=\"wpforms-field-large wpforms-field-required\" name=\"wpforms[fields][6]\" placeholder=\"Messaggio *\" required><\/textarea><\/div><div id=\"wpforms-553-field_5-container\" class=\"wpforms-field wpforms-field-checkbox\" data-field-id=\"5\"><label class=\"wpforms-field-label wpforms-label-hide\">Privacy<\/label><ul id=\"wpforms-553-field_5\"><li class=\"choice-1 depth-1\"><input type=\"checkbox\" id=\"wpforms-553-field_5_1\" name=\"wpforms[fields][5][]\" value=\"Ho letto e accetto l&#039;informativa sulla privacy di Tuscany Travelling\"  ><label class=\"wpforms-field-label-inline\" for=\"wpforms-553-field_5_1\">Ho letto e accetto l'informativa sulla privacy di Tuscany Travelling<\/label><\/li><\/ul><\/div><\/div><!-- .wpforms-field-container --><div class=\"wpforms-field wpforms-field-hp\"><label for=\"wpforms-553-field-hp\" class=\"wpforms-field-label\">Comment<\/label><input type=\"text\" name=\"wpforms[hp]\" id=\"wpforms-553-field-hp\" class=\"wpforms-field-medium\"><\/div><div class=\"wpforms-recaptcha-container wpforms-is-recaptcha wpforms-is-recaptcha-type-v2\" ><div class=\"g-recaptcha\" data-sitekey=\"6LdxYG0sAAAAAEJxW04RshNuG1QJumHnJE_2knjG\"><\/div><input type=\"text\" name=\"g-recaptcha-hidden\" class=\"wpforms-recaptcha-hidden\" style=\"position:absolute!important;clip:rect(0,0,0,0)!important;height:1px!important;width:1px!important;border:0!important;overflow:hidden!important;padding:0!important;margin:0!important;\" data-rule-recaptcha=\"1\"><\/div><div class=\"wpforms-submit-container\" ><input type=\"hidden\" name=\"wpforms[id]\" value=\"553\"><input type=\"hidden\" name=\"page_title\" value=\"\"><input type=\"hidden\" name=\"page_url\" value=\"https:\/\/www.tuscanytravelling.com\/it\/wp-json\/wp\/v2\/pages\/924\"><input type=\"hidden\" name=\"url_referer\" value=\"\"><button type=\"submit\" name=\"wpforms[submit]\" id=\"wpforms-submit-553\" class=\"wpforms-submit\" data-alt-text=\"Invio in corso...\" data-submit-text=\"Invia\" aria-live=\"assertive\" value=\"wpforms-submit\">Invia<\/button><img loading=\"lazy\" decoding=\"async\" src=\"https:\/\/www.tuscanytravelling.com\/wp-content\/plugins\/wpforms-lite\/assets\/images\/submit-spin.svg\" class=\"wpforms-submit-spinner\" style=\"display: none;\" width=\"26\" height=\"26\" alt=\"Caricamento\"><\/div><\/form><\/div>  <!-- .wpforms-container --><\/p> ","protected":false},"excerpt":{"rendered":"<p>Servizio chauffeur per jet privati Questo servizio esclusivo include un autista professionista dedicato al trasferimento da e per il tuo aereo privato, assicurandoti che ogni fase del viaggio sia fluida e senza stress. Il team di The Drive Chauffeur collabora costantemente con assistenti personali e personale di terra per rimanere aggiornato sugli arrivi dei voli. [&hellip;]<\/p>\n","protected":false},"author":1,"featured_media":0,"parent":0,"menu_order":0,"comment_status":"closed","ping_status":"closed","template":"","meta":{"footnotes":""},"class_list":["post-924","page","type-page","status-publish","hentry"],"yoast_head":"<!-- This site is optimized with the Yoast SEO plugin v26.1.1 - https:\/\/yoast.com\/wordpress\/plugins\/seo\/ -->\n<title>Chauffeur Service - Tuscany Travelling - Escursions, experiences, life<\/title>\n<meta name=\"robots\" content=\"index, follow, max-snippet:-1, max-image-preview:large, max-video-preview:-1\" \/>\n<link rel=\"canonical\" href=\"https:\/\/www.tuscanytravelling.com\/it\/chauffeur-service\/\" \/>\n<meta property=\"og:locale\" content=\"it_IT\" \/>\n<meta property=\"og:type\" content=\"article\" \/>\n<meta property=\"og:title\" content=\"Chauffeur Service - Tuscany Travelling - Escursions, experiences, life\" \/>\n<meta property=\"og:description\" content=\"Servizio chauffeur per jet privati Questo servizio esclusivo include un autista professionista dedicato al trasferimento da e per il tuo aereo privato, assicurandoti che ogni fase del viaggio sia fluida e senza stress. Il team di The Drive Chauffeur collabora costantemente con assistenti personali e personale di terra per rimanere aggiornato sugli arrivi dei voli. [&hellip;]\" \/>\n<meta property=\"og:url\" content=\"https:\/\/www.tuscanytravelling.com\/it\/chauffeur-service\/\" \/>\n<meta property=\"og:site_name\" content=\"Tuscany Travelling - Escursions, experiences, life\" \/>\n<meta property=\"article:modified_time\" content=\"2025-10-16T15:44:59+00:00\" \/>\n<meta name=\"twitter:card\" content=\"summary_large_image\" \/>\n<meta name=\"twitter:label1\" content=\"Tempo di lettura stimato\" \/>\n\t<meta name=\"twitter:data1\" content=\"2 minuti\" \/>\n<script type=\"application\/ld+json\" class=\"yoast-schema-graph\">{\"@context\":\"https:\/\/schema.org\",\"@graph\":[{\"@type\":\"WebPage\",\"@id\":\"https:\/\/www.tuscanytravelling.com\/it\/chauffeur-service\/\",\"url\":\"https:\/\/www.tuscanytravelling.com\/it\/chauffeur-service\/\",\"name\":\"Chauffeur Service - Tuscany Travelling - Escursions, experiences, life\",\"isPartOf\":{\"@id\":\"https:\/\/www.tuscanytravelling.com\/#website\"},\"datePublished\":\"2025-10-15T14:31:09+00:00\",\"dateModified\":\"2025-10-16T15:44:59+00:00\",\"breadcrumb\":{\"@id\":\"https:\/\/www.tuscanytravelling.com\/it\/chauffeur-service\/#breadcrumb\"},\"inLanguage\":\"it-IT\",\"potentialAction\":[{\"@type\":\"ReadAction\",\"target\":[\"https:\/\/www.tuscanytravelling.com\/it\/chauffeur-service\/\"]}]},{\"@type\":\"BreadcrumbList\",\"@id\":\"https:\/\/www.tuscanytravelling.com\/it\/chauffeur-service\/#breadcrumb\",\"itemListElement\":[{\"@type\":\"ListItem\",\"position\":1,\"name\":\"Home\",\"item\":\"https:\/\/www.tuscanytravelling.com\/\"},{\"@type\":\"ListItem\",\"position\":2,\"name\":\"Chauffeur Service\"}]},{\"@type\":\"WebSite\",\"@id\":\"https:\/\/www.tuscanytravelling.com\/#website\",\"url\":\"https:\/\/www.tuscanytravelling.com\/\",\"name\":\"Tuscany Travelling - Escursions, experiences, life\",\"description\":\"\",\"potentialAction\":[{\"@type\":\"SearchAction\",\"target\":{\"@type\":\"EntryPoint\",\"urlTemplate\":\"https:\/\/www.tuscanytravelling.com\/?s={search_term_string}\"},\"query-input\":{\"@type\":\"PropertyValueSpecification\",\"valueRequired\":true,\"valueName\":\"search_term_string\"}}],\"inLanguage\":\"it-IT\"}]}<\/script>\n<!-- \/ Yoast SEO plugin. -->","yoast_head_json":{"title":"Chauffeur Service - Tuscany Travelling - Escursions, experiences, life","robots":{"index":"index","follow":"follow","max-snippet":"max-snippet:-1","max-image-preview":"max-image-preview:large","max-video-preview":"max-video-preview:-1"},"canonical":"https:\/\/www.tuscanytravelling.com\/it\/chauffeur-service\/","og_locale":"it_IT","og_type":"article","og_title":"Chauffeur Service - Tuscany Travelling - Escursions, experiences, life","og_description":"Servizio chauffeur per jet privati Questo servizio esclusivo include un autista professionista dedicato al trasferimento da e per il tuo aereo privato, assicurandoti che ogni fase del viaggio sia fluida e senza stress. Il team di The Drive Chauffeur collabora costantemente con assistenti personali e personale di terra per rimanere aggiornato sugli arrivi dei voli. [&hellip;]","og_url":"https:\/\/www.tuscanytravelling.com\/it\/chauffeur-service\/","og_site_name":"Tuscany Travelling - Escursions, experiences, life","article_modified_time":"2025-10-16T15:44:59+00:00","twitter_card":"summary_large_image","twitter_misc":{"Tempo di lettura stimato":"2 minuti"},"schema":{"@context":"https:\/\/schema.org","@graph":[{"@type":"WebPage","@id":"https:\/\/www.tuscanytravelling.com\/it\/chauffeur-service\/","url":"https:\/\/www.tuscanytravelling.com\/it\/chauffeur-service\/","name":"Chauffeur Service - Tuscany Travelling - Escursions, experiences, life","isPartOf":{"@id":"https:\/\/www.tuscanytravelling.com\/#website"},"datePublished":"2025-10-15T14:31:09+00:00","dateModified":"2025-10-16T15:44:59+00:00","breadcrumb":{"@id":"https:\/\/www.tuscanytravelling.com\/it\/chauffeur-service\/#breadcrumb"},"inLanguage":"it-IT","potentialAction":[{"@type":"ReadAction","target":["https:\/\/www.tuscanytravelling.com\/it\/chauffeur-service\/"]}]},{"@type":"BreadcrumbList","@id":"https:\/\/www.tuscanytravelling.com\/it\/chauffeur-service\/#breadcrumb","itemListElement":[{"@type":"ListItem","position":1,"name":"Home","item":"https:\/\/www.tuscanytravelling.com\/"},{"@type":"ListItem","position":2,"name":"Chauffeur Service"}]},{"@type":"WebSite","@id":"https:\/\/www.tuscanytravelling.com\/#website","url":"https:\/\/www.tuscanytravelling.com\/","name":"Tuscany Travelling - Escursions, experiences, life","description":"","potentialAction":[{"@type":"SearchAction","target":{"@type":"EntryPoint","urlTemplate":"https:\/\/www.tuscanytravelling.com\/?s={search_term_string}"},"query-input":{"@type":"PropertyValueSpecification","valueRequired":true,"valueName":"search_term_string"}}],"inLanguage":"it-IT"}]}},"_links":{"self":[{"href":"https:\/\/www.tuscanytravelling.com\/it\/wp-json\/wp\/v2\/pages\/924","targetHints":{"allow":["GET"]}}],"collection":[{"href":"https:\/\/www.tuscanytravelling.com\/it\/wp-json\/wp\/v2\/pages"}],"about":[{"href":"https:\/\/www.tuscanytravelling.com\/it\/wp-json\/wp\/v2\/types\/page"}],"author":[{"embeddable":true,"href":"https:\/\/www.tuscanytravelling.com\/it\/wp-json\/wp\/v2\/users\/1"}],"replies":[{"embeddable":true,"href":"https:\/\/www.tuscanytravelling.com\/it\/wp-json\/wp\/v2\/comments?post=924"}],"version-history":[{"count":7,"href":"https:\/\/www.tuscanytravelling.com\/it\/wp-json\/wp\/v2\/pages\/924\/revisions"}],"predecessor-version":[{"id":947,"href":"https:\/\/www.tuscanytravelling.com\/it\/wp-json\/wp\/v2\/pages\/924\/revisions\/947"}],"wp:attachment":[{"href":"https:\/\/www.tuscanytravelling.com\/it\/wp-json\/wp\/v2\/media?parent=924"}],"curies":[{"name":"wp","href":"https:\/\/api.w.org\/{rel}","templated":true}]}}